{"id":1237,"date":"2020-06-26T10:08:42","date_gmt":"2020-06-26T08:08:42","guid":{"rendered":"https:\/\/www.glauber.de\/?page_id=1237"},"modified":"2024-04-29T12:22:59","modified_gmt":"2024-04-29T10:22:59","slug":"kontakt","status":"publish","type":"page","link":"https:\/\/www.glauber.de\/en\/kontakt\/","title":{"rendered":"Contact"},"content":{"rendered":"\t\t<div data-elementor-type=\"wp-page\" data-elementor-id=\"1237\" class=\"elementor elementor-1237 elementor-421\" data-elementor-post-type=\"page\">\n\t\t\t\t\t\t<section class=\"elementor-section elementor-top-section elementor-element elementor-element-e147bda elementor-section-boxed elementor-section-height-default elementor-section-height-default\" data-id=\"e147bda\" data-element_type=\"section\" data-e-type=\"section\">\n\t\t\t\t\t\t<div class=\"elementor-container elementor-column-gap-default\">\n\t\t\t\t\t<div class=\"elementor-column elementor-col-100 elementor-top-column elementor-element elementor-element-70d80e1\" data-id=\"70d80e1\" data-element_type=\"column\" data-e-type=\"column\">\n\t\t\t<div class=\"elementor-widget-wrap elementor-element-populated\">\n\t\t\t\t\t\t<div class=\"elementor-element elementor-element-bde1161 elementor-widget elementor-widget-heading\" data-id=\"bde1161\" data-element_type=\"widget\" data-e-type=\"widget\" data-widget_type=\"heading.default\">\n\t\t\t\t<div class=\"elementor-widget-container\">\n\t\t\t\t\t<h1 class=\"elementor-heading-title elementor-size-default\">How to reach us<\/h1>\t\t\t\t<\/div>\n\t\t\t\t<\/div>\n\t\t\t\t\t<\/div>\n\t\t<\/div>\n\t\t\t\t\t<\/div>\n\t\t<\/section>\n\t\t\t\t<section data-dce-background-color=\"#FFFFFF\" class=\"elementor-section elementor-top-section elementor-element elementor-element-6df99f3 elementor-section-stretched elementor-section-boxed elementor-section-height-default elementor-section-height-default\" data-id=\"6df99f3\" data-element_type=\"section\" data-e-type=\"section\" data-settings=\"{&quot;stretch_section&quot;:&quot;section-stretched&quot;,&quot;background_background&quot;:&quot;classic&quot;,&quot;motion_fx_motion_fx_scrolling&quot;:&quot;yes&quot;,&quot;motion_fx_devices&quot;:[&quot;desktop&quot;,&quot;tablet&quot;,&quot;mobile&quot;]}\">\n\t\t\t\t\t\t<div class=\"elementor-container elementor-column-gap-wider\">\n\t\t\t\t\t<div class=\"elementor-column elementor-col-50 elementor-top-column elementor-element elementor-element-52c7857\" data-id=\"52c7857\" data-element_type=\"column\" data-e-type=\"column\">\n\t\t\t<div class=\"elementor-widget-wrap elementor-element-populated\">\n\t\t\t\t\t\t<div class=\"elementor-element elementor-element-78e5bb8 elementor-widget elementor-widget-heading\" data-id=\"78e5bb8\" data-element_type=\"widget\" data-e-type=\"widget\" data-widget_type=\"heading.default\">\n\t\t\t\t<div class=\"elementor-widget-container\">\n\t\t\t\t\t<h2 class=\"elementor-heading-title elementor-size-default\">Rechtsanw\u00e4lte Glauber &amp; Partner<\/h2>\t\t\t\t<\/div>\n\t\t\t\t<\/div>\n\t\t\t\t<div class=\"elementor-element elementor-element-0945d86 elementor-widget elementor-widget-text-editor\" data-id=\"0945d86\" data-element_type=\"widget\" data-e-type=\"widget\" data-widget_type=\"text-editor.default\">\n\t\t\t\t<div class=\"elementor-widget-container\">\n\t\t\t\t\t\t\t\t\t<p>Rathausstra\u00dfe 13<br \/>20095 Hamburg<br \/>Telefon: +49 (0) 40 32 33 99-0<br \/>Telefax: +49 (0) 40 32 33 99-11<\/p><p>E-Mail: rechtsanwaelte@glauber.de<br \/>Internet: www.glauber.de<\/p>\t\t\t\t\t\t\t\t<\/div>\n\t\t\t\t<\/div>\n\t\t\t\t\t<\/div>\n\t\t<\/div>\n\t\t\t\t<div class=\"elementor-column elementor-col-50 elementor-top-column elementor-element elementor-element-67c7100\" data-id=\"67c7100\" data-element_type=\"column\" data-e-type=\"column\">\n\t\t\t<div class=\"elementor-widget-wrap elementor-element-populated\">\n\t\t\t\t\t\t<div class=\"elementor-element elementor-element-e3adb39 elementor-widget elementor-widget-formidable\" data-id=\"e3adb39\" data-element_type=\"widget\" data-e-type=\"widget\" data-widget_type=\"formidable.default\">\n\t\t\t\t<div class=\"elementor-widget-container\">\n\t\t\t\t\t<div class=\"frm_forms  with_frm_style frm_style_formidable-style\" id=\"frm_form_2_container\" >\n<form enctype=\"multipart\/form-data\" method=\"post\" class=\"frm-show-form \" id=\"form_contact-form-en\" >\n<div class=\"frm_form_fields \">\n<fieldset>\n<legend class=\"frm_screen_reader\">Kontaktformular EN<\/legend>\r\n\r\n<div class=\"frm_fields_container\">\n<input type=\"hidden\" name=\"frm_action\" value=\"create\" \/>\n<input type=\"hidden\" name=\"form_id\" value=\"2\" \/>\n<input type=\"hidden\" name=\"frm_hide_fields_2\" id=\"frm_hide_fields_2\" value=\"\" \/>\n<input type=\"hidden\" name=\"form_key\" value=\"contact-form-en\" \/>\n<input type=\"hidden\" name=\"item_meta[0]\" value=\"\" \/>\n<input type=\"hidden\" id=\"frm_submit_entry_2\" name=\"frm_submit_entry_2\" value=\"72433c85f3\" \/><input type=\"hidden\" name=\"_wp_http_referer\" value=\"\/en\/wp-json\/wp\/v2\/pages\/1237\" \/><div id=\"frm_field_14_container\" class=\"frm_form_field form-field  frm_required_field frm_top_container frm6 frm_first\">\r\n\t<label for=\"field_b8bmv2\" id=\"field_b8bmv2_label\" class=\"frm_primary_label\">YOUR NAME\r\n\t\t<span class=\"frm_required\" aria-hidden=\"true\">*<\/span>\r\n\t<\/label>\r\n\t<input type=\"text\" id=\"field_b8bmv2\" name=\"item_meta[14]\" value=\"\"  data-reqmsg=\"YOUR NAME darf nicht leer sein.\" aria-required=\"true\" data-invmsg=\"YOUR NAME ist ung\u00fcltig\" aria-invalid=\"false\"  \/>\r\n\t\r\n\t\r\n<\/div>\n<div id=\"frm_field_15_container\" class=\"frm_form_field form-field  frm_required_field frm_top_container frm6\">\r\n\t<label for=\"field_29yf4d2\" id=\"field_29yf4d2_label\" class=\"frm_primary_label\">YOUR E-MAIL\r\n\t\t<span class=\"frm_required\" aria-hidden=\"true\">*<\/span>\r\n\t<\/label>\r\n\t<input type=\"email\" id=\"field_29yf4d2\" name=\"item_meta[15]\" value=\"\"  data-reqmsg=\"YOUR E-MAIL darf nicht leer sein.\" aria-required=\"true\" data-invmsg=\"Please enter a valid email address\" aria-invalid=\"false\"  \/>\r\n\t\r\n\t\r\n<\/div>\n<div id=\"frm_field_16_container\" class=\"frm_form_field form-field  frm_top_container frm6 frm_first\">\r\n\t<label for=\"field_dgy272\" id=\"field_dgy272_label\" class=\"frm_primary_label\">FILE NUMBER (FOR CURRENT MANDATES)\r\n\t\t<span class=\"frm_required\" aria-hidden=\"true\"><\/span>\r\n\t<\/label>\r\n\t<input type=\"text\" id=\"field_dgy272\" name=\"item_meta[16]\" value=\"\"  data-invmsg=\"FILE NUMBER (FOR CURRENT MANDATES) ist ung\u00fcltig\" aria-invalid=\"false\"  \/>\r\n\t\r\n\t\r\n<\/div>\n<div id=\"frm_field_17_container\" class=\"frm_form_field form-field  frm_top_container frm6\">\r\n\t<label for=\"field_ep4u52\" id=\"field_ep4u52_label\" class=\"frm_primary_label\">YOUR PHONE NUMBER\r\n\t\t<span class=\"frm_required\" aria-hidden=\"true\"><\/span>\r\n\t<\/label>\r\n\t<input type=\"text\" id=\"field_ep4u52\" name=\"item_meta[17]\" value=\"\"  data-invmsg=\"YOUR PHONE NUMBER ist ung\u00fcltig\" aria-invalid=\"false\"  \/>\r\n\t\r\n\t\r\n<\/div>\n<div id=\"frm_field_18_container\" class=\"frm_form_field form-field  frm_required_field frm_top_container frm6 frm_first\">\r\n\t<label for=\"field_o4v5l2\" id=\"field_o4v5l2_label\" class=\"frm_primary_label\">YOUR CONCERN\r\n\t\t<span class=\"frm_required\" aria-hidden=\"true\">*<\/span>\r\n\t<\/label>\r\n\t<input type=\"text\" id=\"field_o4v5l2\" name=\"item_meta[18]\" value=\"\"  data-reqmsg=\"YOUR CONCERN darf nicht leer sein.\" aria-required=\"true\" data-invmsg=\"YOUR CONCERN ist ung\u00fcltig\" aria-invalid=\"false\"  \/>\r\n\t\r\n\t\r\n<\/div>\n<div id=\"frm_field_19_container\" class=\"frm_form_field form-field  frm_top_container frm6\">\r\n\t<label for=\"field_vrx082\" id=\"field_vrx082_label\" class=\"frm_primary_label\">PRACTICE AREA\r\n\t\t<span class=\"frm_required\" aria-hidden=\"true\"><\/span>\r\n\t<\/label>\r\n\t\t\t<select name=\"item_meta[19]\" id=\"field_vrx082\"  placeholder=\"Please choose\" data-invmsg=\"PRACTICE AREA is invalid\" aria-invalid=\"false\"  >\n\t\t<option  class=\"frm-select-placeholder\" value=\"\" data-placeholder=\"true\">Please choose<\/option><option  value=\"General Civil and Commercial Law\">General Civil and Commercial Law<\/option><option  value=\"Employment law\">Employment law<\/option><option  value=\"Inheritance law\">Inheritance law<\/option><option  value=\"Family law\">Family law<\/option><option  value=\"Company law\">Company law<\/option><option  value=\"Liability and civil damages law\">Liability and civil damages law<\/option><option  value=\"Merger &amp; Acquisition\">Merger &amp; Acquisition<\/option><option  value=\"Insurance regulatory law\">Insurance regulatory law<\/option><option  value=\"Insurance contract law\">Insurance contract law<\/option><option  value=\"Distribution law\">Distribution law<\/option>\t<\/select>\n\t\r\n\t\r\n\t\r\n<\/div>\n<div id=\"frm_field_20_container\" class=\"frm_form_field form-field  frm_required_field frm_top_container frm_full\">\r\n\t<label for=\"field_9jv0r12\" id=\"field_9jv0r12_label\" class=\"frm_primary_label\">YOUR MESSAGE\r\n\t\t<span class=\"frm_required\" aria-hidden=\"true\">*<\/span>\r\n\t<\/label>\r\n\t<textarea name=\"item_meta[20]\" id=\"field_9jv0r12\" rows=\"5\"  data-reqmsg=\"YOUR MESSAGE darf nicht leer sein.\" aria-required=\"true\" data-invmsg=\"YOUR MESSAGE is invalid\" aria-invalid=\"false\"  ><\/textarea>\r\n\t\r\n\t\r\n<\/div>\n<div id=\"frm_field_21_container\" class=\"frm_form_field  frm_html_container form-field\"><span style=\"font-size:12px\">Fields marked with * are mandatory.<\/span><\/div>\n<div id=\"frm_field_22_container\" class=\"frm_form_field form-field  frm_required_field frm_top_container vertical_radio\">\r\n\t<div  id=\"field_j2ndl2_label\" class=\"frm_primary_label\">\r\n\t\t<span class=\"frm_required\" aria-hidden=\"true\">*<\/span>\r\n\t<\/div>\r\n\t<div class=\"frm_opt_container\" aria-labelledby=\"field_j2ndl2_label\" role=\"group\">\t\t<div class=\"frm_checkbox\" id=\"frm_checkbox_22-0\">\t\t\t<label  for=\"field_j2ndl2-0\">\n\t\t\t<input type=\"checkbox\" name=\"item_meta[22][]\" id=\"field_j2ndl2-0\" value=\"I give my revocable consent to be contacted by the lawyers Glauber &amp; Partner by email and by telephone for the purpose of processing my request. Please see our &lt;a href=&quot;https:\/\/www.glauber.de\/en\/datenschutz\/&quot; target=&quot;_blank&quot;&gt;Privacy Policy.&lt;\/a&gt;.\"  data-reqmsg=\"This field darf nicht leer sein.\" data-invmsg=\"This field is invalid\"   aria-required=\"true\"  \/> I give my revocable consent to be contacted by the lawyers Glauber &amp; Partner by email and by telephone for the purpose of processing my request. Please see our <a href=\"https:\/\/www.glauber.de\/en\/datenschutz\/\" target=\"_blank\">Privacy Policy.<\/a>.<\/label><\/div>\n<\/div>\r\n\t\r\n\t\r\n<\/div>\n<div id=\"frm_field_23_container\" class=\"frm_form_field form-field \">\r\n\t<div class=\"frm_submit frm_flex\">\r\n<button class=\"frm_button_submit\" type=\"submit\"  >Send<\/button>\r\n\r\n\r\n\r\n<\/div>\r\n<\/div>\n\t<input type=\"hidden\" name=\"item_key\" value=\"\" \/>\n\t\t\t<div id=\"frm_field_24_container\">\n\t\t\t<label for=\"field_hrgax\" >\n\t\t\t\tIf you are human, leave this field blank.\t\t\t<\/label>\n\t\t\t<input  id=\"field_hrgax\" type=\"text\" class=\"frm_form_field form-field frm_verify\" name=\"item_meta[24]\" value=\"\"  \/>\n\t\t<\/div>\n\t\t<input name=\"frm_state\" type=\"hidden\" value=\"zjE\/+bYIRgwQsP2uNn2+tip2\/zq12vR8UZnvyASx\/+A=\" \/><\/div>\n<\/fieldset>\n<\/div>\n\n<\/form>\n<\/div>\n\t\t\t\t<\/div>\n\t\t\t\t<\/div>\n\t\t\t\t\t<\/div>\n\t\t<\/div>\n\t\t\t\t\t<\/div>\n\t\t<\/section>\n\t\t\t\t<section data-dce-background-color=\"#FFFFFF\" data-dce-background-image-url=\"https:\/\/www.glauber.de\/wp-content\/uploads\/Unsere-Sozietaet-Unterschrift-Prallax.jpg\" class=\"elementor-section elementor-top-section elementor-element elementor-element-517fcc0 elementor-section-stretched elementor-section-full_width elementor-section-height-min-height elementor-section-height-default elementor-section-items-middle\" data-id=\"517fcc0\" data-element_type=\"section\" data-e-type=\"section\" data-settings=\"{&quot;stretch_section&quot;:&quot;section-stretched&quot;,&quot;background_background&quot;:&quot;classic&quot;,&quot;background_motion_fx_motion_fx_scrolling&quot;:&quot;yes&quot;,&quot;background_motion_fx_translateY_effect&quot;:&quot;yes&quot;,&quot;background_motion_fx_translateY_speed&quot;:{&quot;unit&quot;:&quot;px&quot;,&quot;size&quot;:4,&quot;sizes&quot;:[]},&quot;background_motion_fx_translateY_affectedRange&quot;:{&quot;unit&quot;:&quot;%&quot;,&quot;size&quot;:&quot;&quot;,&quot;sizes&quot;:{&quot;start&quot;:0,&quot;end&quot;:100}},&quot;background_motion_fx_devices&quot;:[&quot;desktop&quot;,&quot;tablet&quot;,&quot;mobile&quot;]}\">\n\t\t\t\t\t\t<div class=\"elementor-container elementor-column-gap-default\">\n\t\t\t\t\t<div class=\"elementor-column elementor-col-100 elementor-top-column elementor-element elementor-element-508e88d\" data-id=\"508e88d\" data-element_type=\"column\" data-e-type=\"column\">\n\t\t\t<div class=\"elementor-widget-wrap\">\n\t\t\t\t\t\t\t<\/div>\n\t\t<\/div>\n\t\t\t\t\t<\/div>\n\t\t<\/section>\n\t\t\t\t<\/div>\n\t\t","protected":false},"excerpt":{"rendered":"<p>How to reach us Rechtsanw\u00e4lte Glauber &#038; Partner Rathausstra\u00dfe 1320095 HamburgTelefon: +49 (0) 40 32 33 99-0Telefax: +49 (0) 40 32 33 99-11 E-Mail: rechtsanwaelte@glauber.deInternet: www.glauber.de Kontaktformular EN YOUR NAME * YOUR E-MAIL * FILE NUMBER (FOR CURRENT MANDATES) YOUR PHONE NUMBER YOUR CONCERN * PRACTICE AREA Please chooseGeneral Civil and Commercial LawEmployment lawInheritance lawFamily [&hellip;]<\/p>\n","protected":false},"author":4,"featured_media":0,"parent":0,"menu_order":90,"comment_status":"closed","ping_status":"closed","template":"","meta":{"_acf_changed":false,"site-sidebar-layout":"no-sidebar","site-content-layout":"page-builder","ast-site-content-layout":"default","site-content-style":"default","site-sidebar-style":"default","ast-global-header-display":"","ast-banner-title-visibility":"","ast-main-header-display":"","ast-hfb-above-header-display":"","ast-hfb-below-header-display":"","ast-hfb-mobile-header-display":"","site-post-title":"disabled","ast-breadcrumbs-content":"","ast-featured-img":"disabled","footer-sml-layout":"","ast-disable-related-posts":"","theme-transparent-header-meta":"default","adv-header-id-meta":"","stick-header-meta":"","header-above-stick-meta":"","header-main-stick-meta":"","header-below-stick-meta":"","astra-migrate-meta-layouts":"default","ast-page-background-enabled":"default","ast-page-background-meta":{"desktop":{"background-color":"","background-image":"","background-repeat":"repeat","background-position":"center center","background-size":"auto","background-attachment":"scroll","background-type":"","background-media":"","overlay-type":"","overlay-color":"","overlay-opacity":"","overlay-gradient":""},"tablet":{"background-color":"","background-image":"","background-repeat":"repeat","background-position":"center center","background-size":"auto","background-attachment":"scroll","background-type":"","background-media":"","overlay-type":"","overlay-color":"","overlay-opacity":"","overlay-gradient":""},"mobile":{"background-color":"","background-image":"","background-repeat":"repeat","background-position":"center center","background-size":"auto","background-attachment":"scroll","background-type":"","background-media":"","overlay-type":"","overlay-color":"","overlay-opacity":"","overlay-gradient":""}},"ast-content-background-meta":{"desktop":{"background-color":"var(--ast-global-color-5)","background-image":"","background-repeat":"repeat","background-position":"center center","background-size":"auto","background-attachment":"scroll","background-type":"","background-media":"","overlay-type":"","overlay-color":"","overlay-opacity":"","overlay-gradient":""},"tablet":{"background-color":"var(--ast-global-color-5)","background-image":"","background-repeat":"repeat","background-position":"center center","background-size":"auto","background-attachment":"scroll","background-type":"","background-media":"","overlay-type":"","overlay-color":"","overlay-opacity":"","overlay-gradient":""},"mobile":{"background-color":"var(--ast-global-color-5)","background-image":"","background-repeat":"repeat","background-position":"center center","background-size":"auto","background-attachment":"scroll","background-type":"","background-media":"","overlay-type":"","overlay-color":"","overlay-opacity":"","overlay-gradient":""}},"footnotes":""},"class_list":["post-1237","page","type-page","status-publish","hentry"],"acf":[],"yoast_head":"<!-- This site is optimized with the Yoast SEO plugin v27.4 - https:\/\/yoast.com\/product\/yoast-seo-wordpress\/ -->\n<title>Rechtsanw\u00e4lte Glauber &amp; Partner - Contact<\/title>\n<meta name=\"robots\" content=\"index, follow, max-snippet:-1, max-image-preview:large, max-video-preview:-1\" \/>\n<link rel=\"canonical\" href=\"https:\/\/www.glauber.de\/en\/kontakt\/\" \/>\n<meta property=\"og:locale\" content=\"en_US\" \/>\n<meta property=\"og:type\" content=\"article\" \/>\n<meta property=\"og:title\" content=\"Rechtsanw\u00e4lte Glauber &amp; Partner - Contact\" \/>\n<meta property=\"og:description\" content=\"How to reach us Rechtsanw\u00e4lte Glauber &#038; Partner Rathausstra\u00dfe 1320095 HamburgTelefon: +49 (0) 40 32 33 99-0Telefax: +49 (0) 40 32 33 99-11 E-Mail: rechtsanwaelte@glauber.deInternet: www.glauber.de Kontaktformular EN YOUR NAME * YOUR E-MAIL * FILE NUMBER (FOR CURRENT MANDATES) YOUR PHONE NUMBER YOUR CONCERN * PRACTICE AREA Please chooseGeneral Civil and Commercial LawEmployment lawInheritance lawFamily [&hellip;]\" \/>\n<meta property=\"og:url\" content=\"https:\/\/www.glauber.de\/en\/kontakt\/\" \/>\n<meta property=\"og:site_name\" content=\"Rechtsanw\u00e4lte Glauber &amp; Partner\" \/>\n<meta property=\"article:modified_time\" content=\"2024-04-29T10:22:59+00:00\" \/>\n<meta name=\"twitter:card\" content=\"summary_large_image\" \/>\n<meta name=\"twitter:label1\" content=\"Est. reading time\" \/>\n\t<meta name=\"twitter:data1\" content=\"1 minute\" \/>\n<script type=\"application\/ld+json\" class=\"yoast-schema-graph\">{\"@context\":\"https:\\\/\\\/schema.org\",\"@graph\":[{\"@type\":\"WebPage\",\"@id\":\"https:\\\/\\\/www.glauber.de\\\/en\\\/kontakt\\\/\",\"url\":\"https:\\\/\\\/www.glauber.de\\\/en\\\/kontakt\\\/\",\"name\":\"Rechtsanw\u00e4lte Glauber & Partner - Contact\",\"isPartOf\":{\"@id\":\"https:\\\/\\\/www.glauber.de\\\/en\\\/#website\"},\"datePublished\":\"2020-06-26T08:08:42+00:00\",\"dateModified\":\"2024-04-29T10:22:59+00:00\",\"breadcrumb\":{\"@id\":\"https:\\\/\\\/www.glauber.de\\\/en\\\/kontakt\\\/#breadcrumb\"},\"inLanguage\":\"en-US\",\"potentialAction\":[{\"@type\":\"ReadAction\",\"target\":[\"https:\\\/\\\/www.glauber.de\\\/en\\\/kontakt\\\/\"]}]},{\"@type\":\"BreadcrumbList\",\"@id\":\"https:\\\/\\\/www.glauber.de\\\/en\\\/kontakt\\\/#breadcrumb\",\"itemListElement\":[{\"@type\":\"ListItem\",\"position\":1,\"name\":\"Startseite\",\"item\":\"https:\\\/\\\/www.glauber.de\\\/en\\\/\"},{\"@type\":\"ListItem\",\"position\":2,\"name\":\"Contact\"}]},{\"@type\":\"WebSite\",\"@id\":\"https:\\\/\\\/www.glauber.de\\\/en\\\/#website\",\"url\":\"https:\\\/\\\/www.glauber.de\\\/en\\\/\",\"name\":\"Rechtsanw\u00e4lte Glauber &amp; Partner\",\"description\":\"Willkommen bei Glauber &amp; Partner\",\"publisher\":{\"@id\":\"https:\\\/\\\/www.glauber.de\\\/en\\\/#organization\"},\"potentialAction\":[{\"@type\":\"SearchAction\",\"target\":{\"@type\":\"EntryPoint\",\"urlTemplate\":\"https:\\\/\\\/www.glauber.de\\\/en\\\/?s={search_term_string}\"},\"query-input\":{\"@type\":\"PropertyValueSpecification\",\"valueRequired\":true,\"valueName\":\"search_term_string\"}}],\"inLanguage\":\"en-US\"},{\"@type\":\"Organization\",\"@id\":\"https:\\\/\\\/www.glauber.de\\\/en\\\/#organization\",\"name\":\"Rechtsanw\u00e4lte Glauber & Partner\",\"url\":\"https:\\\/\\\/www.glauber.de\\\/en\\\/\",\"logo\":{\"@type\":\"ImageObject\",\"inLanguage\":\"en-US\",\"@id\":\"https:\\\/\\\/www.glauber.de\\\/en\\\/#\\\/schema\\\/logo\\\/image\\\/\",\"url\":\"https:\\\/\\\/www.glauber.de\\\/wp-content\\\/uploads\\\/Glauber-Logo.svg\",\"contentUrl\":\"https:\\\/\\\/www.glauber.de\\\/wp-content\\\/uploads\\\/Glauber-Logo.svg\",\"width\":669.96289,\"height\":223.66699,\"caption\":\"Rechtsanw\u00e4lte Glauber & Partner\"},\"image\":{\"@id\":\"https:\\\/\\\/www.glauber.de\\\/en\\\/#\\\/schema\\\/logo\\\/image\\\/\"}}]}<\/script>\n<!-- \/ Yoast SEO plugin. -->","yoast_head_json":{"title":"Rechtsanw\u00e4lte Glauber & Partner - Contact","robots":{"index":"index","follow":"follow","max-snippet":"max-snippet:-1","max-image-preview":"max-image-preview:large","max-video-preview":"max-video-preview:-1"},"canonical":"https:\/\/www.glauber.de\/en\/kontakt\/","og_locale":"en_US","og_type":"article","og_title":"Rechtsanw\u00e4lte Glauber & Partner - Contact","og_description":"How to reach us Rechtsanw\u00e4lte Glauber &#038; Partner Rathausstra\u00dfe 1320095 HamburgTelefon: +49 (0) 40 32 33 99-0Telefax: +49 (0) 40 32 33 99-11 E-Mail: rechtsanwaelte@glauber.deInternet: www.glauber.de Kontaktformular EN YOUR NAME * YOUR E-MAIL * FILE NUMBER (FOR CURRENT MANDATES) YOUR PHONE NUMBER YOUR CONCERN * PRACTICE AREA Please chooseGeneral Civil and Commercial LawEmployment lawInheritance lawFamily [&hellip;]","og_url":"https:\/\/www.glauber.de\/en\/kontakt\/","og_site_name":"Rechtsanw\u00e4lte Glauber &amp; Partner","article_modified_time":"2024-04-29T10:22:59+00:00","twitter_card":"summary_large_image","twitter_misc":{"Est. reading time":"1 minute"},"schema":{"@context":"https:\/\/schema.org","@graph":[{"@type":"WebPage","@id":"https:\/\/www.glauber.de\/en\/kontakt\/","url":"https:\/\/www.glauber.de\/en\/kontakt\/","name":"Rechtsanw\u00e4lte Glauber & Partner - Contact","isPartOf":{"@id":"https:\/\/www.glauber.de\/en\/#website"},"datePublished":"2020-06-26T08:08:42+00:00","dateModified":"2024-04-29T10:22:59+00:00","breadcrumb":{"@id":"https:\/\/www.glauber.de\/en\/kontakt\/#breadcrumb"},"inLanguage":"en-US","potentialAction":[{"@type":"ReadAction","target":["https:\/\/www.glauber.de\/en\/kontakt\/"]}]},{"@type":"BreadcrumbList","@id":"https:\/\/www.glauber.de\/en\/kontakt\/#breadcrumb","itemListElement":[{"@type":"ListItem","position":1,"name":"Startseite","item":"https:\/\/www.glauber.de\/en\/"},{"@type":"ListItem","position":2,"name":"Contact"}]},{"@type":"WebSite","@id":"https:\/\/www.glauber.de\/en\/#website","url":"https:\/\/www.glauber.de\/en\/","name":"Rechtsanw\u00e4lte Glauber &amp; Partner","description":"Willkommen bei Glauber &amp; Partner","publisher":{"@id":"https:\/\/www.glauber.de\/en\/#organization"},"potentialAction":[{"@type":"SearchAction","target":{"@type":"EntryPoint","urlTemplate":"https:\/\/www.glauber.de\/en\/?s={search_term_string}"},"query-input":{"@type":"PropertyValueSpecification","valueRequired":true,"valueName":"search_term_string"}}],"inLanguage":"en-US"},{"@type":"Organization","@id":"https:\/\/www.glauber.de\/en\/#organization","name":"Rechtsanw\u00e4lte Glauber & Partner","url":"https:\/\/www.glauber.de\/en\/","logo":{"@type":"ImageObject","inLanguage":"en-US","@id":"https:\/\/www.glauber.de\/en\/#\/schema\/logo\/image\/","url":"https:\/\/www.glauber.de\/wp-content\/uploads\/Glauber-Logo.svg","contentUrl":"https:\/\/www.glauber.de\/wp-content\/uploads\/Glauber-Logo.svg","width":669.96289,"height":223.66699,"caption":"Rechtsanw\u00e4lte Glauber & Partner"},"image":{"@id":"https:\/\/www.glauber.de\/en\/#\/schema\/logo\/image\/"}}]}},"_links":{"self":[{"href":"https:\/\/www.glauber.de\/en\/wp-json\/wp\/v2\/pages\/1237","targetHints":{"allow":["GET"]}}],"collection":[{"href":"https:\/\/www.glauber.de\/en\/wp-json\/wp\/v2\/pages"}],"about":[{"href":"https:\/\/www.glauber.de\/en\/wp-json\/wp\/v2\/types\/page"}],"author":[{"embeddable":true,"href":"https:\/\/www.glauber.de\/en\/wp-json\/wp\/v2\/users\/4"}],"replies":[{"embeddable":true,"href":"https:\/\/www.glauber.de\/en\/wp-json\/wp\/v2\/comments?post=1237"}],"version-history":[{"count":11,"href":"https:\/\/www.glauber.de\/en\/wp-json\/wp\/v2\/pages\/1237\/revisions"}],"predecessor-version":[{"id":2076,"href":"https:\/\/www.glauber.de\/en\/wp-json\/wp\/v2\/pages\/1237\/revisions\/2076"}],"wp:attachment":[{"href":"https:\/\/www.glauber.de\/en\/wp-json\/wp\/v2\/media?parent=1237"}],"curies":[{"name":"wp","href":"https:\/\/api.w.org\/{rel}","templated":true}]}}